{"id":166,"date":"2012-07-29T22:08:43","date_gmt":"2012-07-29T22:08:43","guid":{"rendered":"https:\/\/profspaulo.com\/?page_id=166"},"modified":"2020-07-28T13:45:58","modified_gmt":"2020-07-28T12:45:58","slug":"formacao-lecionada","status":"publish","type":"page","link":"https:\/\/profspaulo.com\/?page_id=166","title":{"rendered":"Forma\u00e7\u00e3o Lecionada"},"content":{"rendered":"<p>Algumas forma\u00e7\u00f5es e workshops que tenho dinamizado:<\/p>\n<ul>\n<li>COMPET\u00caNCIAS EM TIC: Curso A \u2013 n\u00edvel 1.<\/li>\n<\/ul>\n<ul>\n<li>PLATAFORMA MOODLE.<\/li>\n<\/ul>\n<ul>\n<li>&#8220;AVENTURA NA WEB &#8221; &#8211; WEBQUEST.<\/li>\n<\/ul>\n<ul>\n<li>&#8220;TESTES ONLINE EM TR\u00caS PASSOS&#8221; &#8211; QUIZFABER.<\/li>\n<\/ul>\n","protected":false},"excerpt":{"rendered":"<p>Algumas forma\u00e7\u00f5es e workshops que tenho dinamizado: COMPET\u00caNCIAS EM TIC: Curso A \u2013 n\u00edvel 1. PLATAFORMA MOODLE. &#8220;AVENTURA NA WEB &#8221; &#8211; WEBQUEST. &#8220;TESTES ONLINE EM TR\u00caS PASSOS&#8221; &#8211; QUIZFABER.<\/p>\n","protected":false},"author":1,"featured_media":658,"parent":74,"menu_order":0,"comment_status":"closed","ping_status":"open","template":"","meta":{"footnotes":""},"class_list":["post-166","page","type-page","status-publish","has-post-thumbnail","hentry"],"_links":{"self":[{"href":"https:\/\/profspaulo.com\/index.php?rest_route=\/wp\/v2\/pages\/166","targetHints":{"allow":["GET"]}}],"collection":[{"href":"https:\/\/profspaulo.com\/index.php?rest_route=\/wp\/v2\/pages"}],"about":[{"href":"https:\/\/profspaulo.com\/index.php?rest_route=\/wp\/v2\/types\/page"}],"author":[{"embeddable":true,"href":"https:\/\/profspaulo.com\/index.php?rest_route=\/wp\/v2\/users\/1"}],"replies":[{"embeddable":true,"href":"https:\/\/profspaulo.com\/index.php?rest_route=%2Fwp%2Fv2%2Fcomments&post=166"}],"version-history":[{"count":3,"href":"https:\/\/profspaulo.com\/index.php?rest_route=\/wp\/v2\/pages\/166\/revisions"}],"predecessor-version":[{"id":606,"href":"https:\/\/profspaulo.com\/index.php?rest_route=\/wp\/v2\/pages\/166\/revisions\/606"}],"up":[{"embeddable":true,"href":"https:\/\/profspaulo.com\/index.php?rest_route=\/wp\/v2\/pages\/74"}],"wp:featuredmedia":[{"embeddable":true,"href":"https:\/\/profspaulo.com\/index.php?rest_route=\/wp\/v2\/media\/658"}],"wp:attachment":[{"href":"https:\/\/profspaulo.com\/index.php?rest_route=%2Fwp%2Fv2%2Fmedia&parent=166"}],"curies":[{"name":"wp","href":"https:\/\/api.w.org\/{rel}","templated":true}]}}