{"id":171,"date":"2012-07-29T22:35:03","date_gmt":"2012-07-29T22:35:03","guid":{"rendered":"https:\/\/profspaulo.com\/?page_id=171"},"modified":"2012-07-29T22:47:52","modified_gmt":"2012-07-29T22:47:52","slug":"webquest","status":"publish","type":"page","link":"https:\/\/profspaulo.com\/?page_id=171","title":{"rendered":"Webquest"},"content":{"rendered":"<p>As Aventuras na Web (WebQuests), enquanto propostas estruturadas de explora\u00e7\u00e3o orientada dos recursos da Web, surgem como uma estrat\u00e9gia privilegiada de integra\u00e7\u00e3o curricular da Internet.<br \/>\nOs professores s\u00e3o os \u201cagentes\u201d que melhor conhecem os contextos curriculares, os interesses e as necessidades educativas dos alunos, pertencendo assim ao professor a responsabilidade de cria\u00e7\u00e3o de propostas de trabalho baseadas na Web.<\/p>\n<p>Criei um servidor que permite realizar a inscri\u00e7\u00e3o e depois aceder para realizar as webquest. (<a title=\"Webquest-profspaulo\" href=\"https:\/\/profspaulo.com\/aventura\/procesa_index_todas.php\" target=\"_blank\">Consulte&#8230;<\/a>)<\/p>\n<p>Boas aventuras na Web.<\/p>\n","protected":false},"excerpt":{"rendered":"<p>As Aventuras na Web (WebQuests), enquanto propostas estruturadas de explora\u00e7\u00e3o orientada dos recursos da Web, surgem como uma estrat\u00e9gia privilegiada de integra\u00e7\u00e3o curricular da Internet. Os professores s\u00e3o os \u201cagentes\u201d que melhor conhecem os contextos curriculares, os interesses e as necessidades educativas dos alunos, pertencendo assim ao professor a responsabilidade de cria\u00e7\u00e3o de propostas de <a class=\"more-link\" href=\"https:\/\/profspaulo.com\/?page_id=171\">Ler mais&#8230;<\/a><\/p>\n","protected":false},"author":1,"featured_media":173,"parent":96,"menu_order":0,"comment_status":"closed","ping_status":"open","template":"","meta":{"footnotes":""},"class_list":["post-171","page","type-page","status-publish","has-post-thumbnail","hentry"],"_links":{"self":[{"href":"https:\/\/profspaulo.com\/index.php?rest_route=\/wp\/v2\/pages\/171","targetHints":{"allow":["GET"]}}],"collection":[{"href":"https:\/\/profspaulo.com\/index.php?rest_route=\/wp\/v2\/pages"}],"about":[{"href":"https:\/\/profspaulo.com\/index.php?rest_route=\/wp\/v2\/types\/page"}],"author":[{"embeddable":true,"href":"https:\/\/profspaulo.com\/index.php?rest_route=\/wp\/v2\/users\/1"}],"replies":[{"embeddable":true,"href":"https:\/\/profspaulo.com\/index.php?rest_route=%2Fwp%2Fv2%2Fcomments&post=171"}],"version-history":[{"count":2,"href":"https:\/\/profspaulo.com\/index.php?rest_route=\/wp\/v2\/pages\/171\/revisions"}],"predecessor-version":[{"id":174,"href":"https:\/\/profspaulo.com\/index.php?rest_route=\/wp\/v2\/pages\/171\/revisions\/174"}],"up":[{"embeddable":true,"href":"https:\/\/profspaulo.com\/index.php?rest_route=\/wp\/v2\/pages\/96"}],"wp:featuredmedia":[{"embeddable":true,"href":"https:\/\/profspaulo.com\/index.php?rest_route=\/wp\/v2\/media\/173"}],"wp:attachment":[{"href":"https:\/\/profspaulo.com\/index.php?rest_route=%2Fwp%2Fv2%2Fmedia&parent=171"}],"curies":[{"name":"wp","href":"https:\/\/api.w.org\/{rel}","templated":true}]}}