{"id":175,"date":"2012-07-29T22:48:58","date_gmt":"2012-07-29T22:48:58","guid":{"rendered":"https:\/\/profspaulo.com\/?page_id=175"},"modified":"2020-07-28T11:10:50","modified_gmt":"2020-07-28T10:10:50","slug":"quizfaber","status":"publish","type":"page","link":"https:\/\/profspaulo.com\/?page_id=175","title":{"rendered":"QuizFaber"},"content":{"rendered":"<p style=\"text-align: justify;\">O desenvolvimento de testes online faz parte das diversas estrat\u00e9gias&nbsp; que t\u00eam como objectivo permitir aos alunos a verifica\u00e7\u00e3o das suas aprendizagens.<\/p>\n<p style=\"text-align: justify;\">Os professores s\u00e3o os \u201cagentes\u201d que melhor conhecem os contextos curriculares, os interesses e as necessidades educativas dos alunos, pertencendo assim ao professor a responsabilidade de cria\u00e7\u00e3o de propostas de trabalho baseadas na Web. Consulte alguns dos<a title=\"Exemplo\" href=\"https:\/\/profspaulo.com\/testes\/resistencia\/resistencia.htm\">&nbsp;testes<\/a>&nbsp;j\u00e1 desenvolvidos&#8230;<\/p>\n","protected":false},"excerpt":{"rendered":"<p>O desenvolvimento de testes online faz parte das diversas estrat\u00e9gias&nbsp; que t\u00eam como objectivo permitir aos alunos a verifica\u00e7\u00e3o das suas aprendizagens. Os professores s\u00e3o os \u201cagentes\u201d que melhor conhecem os contextos curriculares, os interesses e as necessidades educativas dos alunos, pertencendo assim ao professor a responsabilidade de cria\u00e7\u00e3o de propostas de trabalho baseadas na <a class=\"more-link\" href=\"https:\/\/profspaulo.com\/?page_id=175\">Ler mais&#8230;<\/a><\/p>\n","protected":false},"author":1,"featured_media":721,"parent":96,"menu_order":0,"comment_status":"closed","ping_status":"open","template":"","meta":{"footnotes":""},"class_list":["post-175","page","type-page","status-publish","has-post-thumbnail","hentry"],"_links":{"self":[{"href":"https:\/\/profspaulo.com\/index.php?rest_route=\/wp\/v2\/pages\/175","targetHints":{"allow":["GET"]}}],"collection":[{"href":"https:\/\/profspaulo.com\/index.php?rest_route=\/wp\/v2\/pages"}],"about":[{"href":"https:\/\/profspaulo.com\/index.php?rest_route=\/wp\/v2\/types\/page"}],"author":[{"embeddable":true,"href":"https:\/\/profspaulo.com\/index.php?rest_route=\/wp\/v2\/users\/1"}],"replies":[{"embeddable":true,"href":"https:\/\/profspaulo.com\/index.php?rest_route=%2Fwp%2Fv2%2Fcomments&post=175"}],"version-history":[{"count":4,"href":"https:\/\/profspaulo.com\/index.php?rest_route=\/wp\/v2\/pages\/175\/revisions"}],"predecessor-version":[{"id":722,"href":"https:\/\/profspaulo.com\/index.php?rest_route=\/wp\/v2\/pages\/175\/revisions\/722"}],"up":[{"embeddable":true,"href":"https:\/\/profspaulo.com\/index.php?rest_route=\/wp\/v2\/pages\/96"}],"wp:featuredmedia":[{"embeddable":true,"href":"https:\/\/profspaulo.com\/index.php?rest_route=\/wp\/v2\/media\/721"}],"wp:attachment":[{"href":"https:\/\/profspaulo.com\/index.php?rest_route=%2Fwp%2Fv2%2Fmedia&parent=175"}],"curies":[{"name":"wp","href":"https:\/\/api.w.org\/{rel}","templated":true}]}}