{"id":208,"date":"2012-07-31T09:01:19","date_gmt":"2012-07-31T08:01:19","guid":{"rendered":"https:\/\/profspaulo.com\/?page_id=208"},"modified":"2020-07-28T13:48:02","modified_gmt":"2020-07-28T12:48:02","slug":"fisica-e-quimica","status":"publish","type":"page","link":"https:\/\/profspaulo.com\/?page_id=208","title":{"rendered":"F\u00edsica e Qu\u00edmica"},"content":{"rendered":"<p style=\"text-align: justify;\"><img loading=\"lazy\" decoding=\"async\" class=\"aligncenter\" title=\"F\u00edsica e Qu\u00edmica\" src=\"http:\/\/us.cdn1.123rf.com\/168nwm\/madmaxer\/madmaxer1011\/madmaxer101100006\/8103475-ilustracion-3d-abstracta-del-modelo-de-la-molecula-de-plastico-sobre-fondo-blanco.jpg\" alt=\"fq\" width=\"164\" height=\"168\">Sou professor de F\u00edsica e Qu\u00edmica h\u00e1 cerca de dezoito anos e j\u00e1 lecionei todos os n\u00edveis, do 7\u00ba ao 12\u00ba Ano, passando pelas disciplinas de Ci\u00eancias f\u00edsico-qu\u00edmicas(7\u00ba-9\u00ba), CFQ10 , CFQ11, FQA, TLF, F\u00cdSICA 12\u00ba e QU\u00cdMICA12\u00ba. Tamb\u00e9m j\u00e1 abordei Bioqu\u00edmica, Biof\u00edsica, F\u00edsica Geral e Qu\u00edmica Geral em aulas particulares.<\/p>\n","protected":false},"excerpt":{"rendered":"<p>Sou professor de F\u00edsica e Qu\u00edmica h\u00e1 cerca de dezoito anos e j\u00e1 lecionei todos os n\u00edveis, do 7\u00ba ao 12\u00ba Ano, passando pelas disciplinas de Ci\u00eancias f\u00edsico-qu\u00edmicas(7\u00ba-9\u00ba), CFQ10 , CFQ11, FQA, TLF, F\u00cdSICA 12\u00ba e QU\u00cdMICA12\u00ba. Tamb\u00e9m j\u00e1 abordei Bioqu\u00edmica, Biof\u00edsica, F\u00edsica Geral e Qu\u00edmica Geral em aulas particulares.<\/p>\n","protected":false},"author":1,"featured_media":727,"parent":0,"menu_order":0,"comment_status":"closed","ping_status":"closed","template":"","meta":{"footnotes":""},"class_list":["post-208","page","type-page","status-publish","has-post-thumbnail","hentry"],"_links":{"self":[{"href":"https:\/\/profspaulo.com\/index.php?rest_route=\/wp\/v2\/pages\/208","targetHints":{"allow":["GET"]}}],"collection":[{"href":"https:\/\/profspaulo.com\/index.php?rest_route=\/wp\/v2\/pages"}],"about":[{"href":"https:\/\/profspaulo.com\/index.php?rest_route=\/wp\/v2\/types\/page"}],"author":[{"embeddable":true,"href":"https:\/\/profspaulo.com\/index.php?rest_route=\/wp\/v2\/users\/1"}],"replies":[{"embeddable":true,"href":"https:\/\/profspaulo.com\/index.php?rest_route=%2Fwp%2Fv2%2Fcomments&post=208"}],"version-history":[{"count":5,"href":"https:\/\/profspaulo.com\/index.php?rest_route=\/wp\/v2\/pages\/208\/revisions"}],"predecessor-version":[{"id":732,"href":"https:\/\/profspaulo.com\/index.php?rest_route=\/wp\/v2\/pages\/208\/revisions\/732"}],"wp:featuredmedia":[{"embeddable":true,"href":"https:\/\/profspaulo.com\/index.php?rest_route=\/wp\/v2\/media\/727"}],"wp:attachment":[{"href":"https:\/\/profspaulo.com\/index.php?rest_route=%2Fwp%2Fv2%2Fmedia&parent=208"}],"curies":[{"name":"wp","href":"https:\/\/api.w.org\/{rel}","templated":true}]}}