{"id":237,"date":"2012-08-02T17:40:37","date_gmt":"2012-08-02T16:40:37","guid":{"rendered":"https:\/\/profspaulo.com\/?page_id=237"},"modified":"2020-07-28T13:56:52","modified_gmt":"2020-07-28T12:56:52","slug":"projeto-eco-gilde","status":"publish","type":"page","link":"https:\/\/profspaulo.com\/?page_id=237","title":{"rendered":"ECO-ESCOLAS"},"content":{"rendered":"<p>&nbsp;<\/p>\n<h4><a href=\"https:\/\/profspaulo.com\/?attachment_id=669\" rel=\"attachment wp-att-669\"><img loading=\"lazy\" decoding=\"async\" class=\"aligncenter wp-image-669\" src=\"https:\/\/profspaulo.com\/wp-content\/uploads\/2012\/08\/Imagem3.png\" alt=\"\" width=\"225\" height=\"201\" srcset=\"https:\/\/profspaulo.com\/wp-content\/uploads\/2012\/08\/Imagem3.png 454w, https:\/\/profspaulo.com\/wp-content\/uploads\/2012\/08\/Imagem3-300x268.png 300w\" sizes=\"auto, (max-width: 225px) 100vw, 225px\" \/><\/a><\/h4>\n<h5><strong>Eco-Escolas \u00e9 um programa internacional da \u201cFoundation for Environmental Education\u201d, desenvolvido em Portugal desde 1996 pela ABAE. Pretende encorajar a\u00e7\u00f5es e reconhecer o trabalho de qualidade desenvolvido pela escola, no \u00e2mbito da <\/strong><u><strong>Educa\u00e7\u00e3o Ambiental para a Sustentabilidade<\/strong>.<\/u><\/h5>\n<hr>\n<h6 style=\"text-align: center;\"><strong><span style=\"color: #333399;\">RESUMO DO PROGRAMA ECO-ESCOLAS || COL\u00c9GIO DE LOURDES ||2016\/2017<\/span><br \/>\n<\/strong><\/h6>\n<p style=\"text-align: center;\"><iframe loading=\"lazy\" src=\"https:\/\/www.youtube.com\/embed\/WxrCR1DNNtU\" allowfullscreen=\"allowfullscreen\" width=\"640\" height=\"360\" frameborder=\"0\"><\/iframe><\/p>\n<hr>\n<h6 style=\"text-align: center;\"><a href=\"http:\/\/ecoescolas.abae.pt\/plataforma\/index.php?p=schoolpage&amp;id=3859\" target=\"_blank\" rel=\"noopener noreferrer\"><span style=\"color: #333399;\"><strong>P\u00e1gina P\u00fablica Eco-Escolas || Col\u00e9gio de Lourdes 2016\/2017<\/strong><\/span><\/a><\/h6>\n<h5><\/h5>\n<hr>\n<h6><\/h6>\n<h6 style=\"text-align: center;\"><strong>&nbsp;Participei no projeto de Educa\u00e7\u00e3o Ambiental &#8211; eco-gilde<br \/>\n<\/strong><\/h6>\n<p>Projeto, no \u00e2mbito da Educa\u00e7\u00e3o Ambiental, dirigido a toda a Comunidade Educativa do Agrupamento de Escolas Lousada Oeste, para bi\u00e9nio 2008\/2010.<br \/>\nPerante a \u201csitua\u00e7\u00e3o ambiental\u201d do nosso planeta, sente-se a imperiosa necessidade de mudar h\u00e1bitos e atitudes. O projecto \u201cEco-Gilde\u201d tenta contribuir para a resolu\u00e7\u00e3o de um problema global, tendo a consci\u00eancia que, por maiores que sejam as dificuldades, estas podem ser superadas, com a contribui\u00e7\u00e3o e empenho de todos.<br \/>\nPara incutir a consciencializa\u00e7\u00e3o de uma cidadania global \u00e9 necess\u00e1rio fomentar uma transforma\u00e7\u00e3o progressiva nos valores, atitudes e comportamentos dos nossos discentes, promovendo ac\u00e7\u00f5es que lhes permitam apreender a complexidade do mundo, tornando-os agentes activos e participativos na constru\u00e7\u00e3o de uma sociedade mais justa, equitativa e solid\u00e1ria.<br \/>\n<strong>Educar para um desenvolvimento sustent\u00e1vel \u00e9 um direito e um dever de toda a comunidade.<\/strong><\/p>\n<p>&nbsp;<\/p>\n","protected":false},"excerpt":{"rendered":"<p>&nbsp; Eco-Escolas \u00e9 um programa internacional da \u201cFoundation for Environmental Education\u201d, desenvolvido em Portugal desde 1996 pela ABAE. Pretende encorajar a\u00e7\u00f5es e reconhecer o trabalho de qualidade desenvolvido pela escola, no \u00e2mbito da Educa\u00e7\u00e3o Ambiental para a Sustentabilidade. RESUMO DO PROGRAMA ECO-ESCOLAS || COL\u00c9GIO DE LOURDES ||2016\/2017 P\u00e1gina P\u00fablica Eco-Escolas || Col\u00e9gio de Lourdes 2016\/2017 <a class=\"more-link\" href=\"https:\/\/profspaulo.com\/?page_id=237\">Ler mais&#8230;<\/a><\/p>\n","protected":false},"author":1,"featured_media":735,"parent":208,"menu_order":0,"comment_status":"closed","ping_status":"closed","template":"","meta":{"footnotes":""},"class_list":["post-237","page","type-page","status-publish","has-post-thumbnail","hentry"],"_links":{"self":[{"href":"https:\/\/profspaulo.com\/index.php?rest_route=\/wp\/v2\/pages\/237","targetHints":{"allow":["GET"]}}],"collection":[{"href":"https:\/\/profspaulo.com\/index.php?rest_route=\/wp\/v2\/pages"}],"about":[{"href":"https:\/\/profspaulo.com\/index.php?rest_route=\/wp\/v2\/types\/page"}],"author":[{"embeddable":true,"href":"https:\/\/profspaulo.com\/index.php?rest_route=\/wp\/v2\/users\/1"}],"replies":[{"embeddable":true,"href":"https:\/\/profspaulo.com\/index.php?rest_route=%2Fwp%2Fv2%2Fcomments&post=237"}],"version-history":[{"count":5,"href":"https:\/\/profspaulo.com\/index.php?rest_route=\/wp\/v2\/pages\/237\/revisions"}],"predecessor-version":[{"id":736,"href":"https:\/\/profspaulo.com\/index.php?rest_route=\/wp\/v2\/pages\/237\/revisions\/736"}],"up":[{"embeddable":true,"href":"https:\/\/profspaulo.com\/index.php?rest_route=\/wp\/v2\/pages\/208"}],"wp:featuredmedia":[{"embeddable":true,"href":"https:\/\/profspaulo.com\/index.php?rest_route=\/wp\/v2\/media\/735"}],"wp:attachment":[{"href":"https:\/\/profspaulo.com\/index.php?rest_route=%2Fwp%2Fv2%2Fmedia&parent=237"}],"curies":[{"name":"wp","href":"https:\/\/api.w.org\/{rel}","templated":true}]}}