{"id":241,"date":"2012-08-02T17:52:00","date_gmt":"2012-08-02T16:52:00","guid":{"rendered":"https:\/\/profspaulo.com\/?page_id=241"},"modified":"2012-08-02T18:03:08","modified_gmt":"2012-08-02T17:03:08","slug":"projeto-astronomia-artistica","status":"publish","type":"page","link":"https:\/\/profspaulo.com\/?page_id=241","title":{"rendered":"Astronomia Art\u00edstica"},"content":{"rendered":"<p>Apoiei os alunos no desenvolvimento de um pequeno projeto com o objetivo de promover a participa\u00e7\u00e3o no concurso Astronomia Art\u00edstica no \u00e2mbito do ano Internacional da Astronomia. <a title=\"Flash\" href=\"http:\/\/www.profspaulo.com\/viagem\/viagem%20espacial%202.swf\" target=\"_blank\">Consulte o trabalho desenvolvido pelos alunos<\/a>.<\/p>\n<p>&nbsp;<\/p>\n<p><a href=\"https:\/\/profspaulo.com\/?attachment_id=242\" rel=\"attachment wp-att-242\"><img loading=\"lazy\" decoding=\"async\" class=\"aligncenter size-full wp-image-242\" title=\"MC_ano-internacional-da-astronomia_290x290_\" src=\"https:\/\/profspaulo.com\/wp-content\/uploads\/2012\/08\/MC_ano-internacional-da-astronomia_290x290_.jpg\" alt=\"\" width=\"290\" height=\"290\" srcset=\"https:\/\/profspaulo.com\/wp-content\/uploads\/2012\/08\/MC_ano-internacional-da-astronomia_290x290_.jpg 290w, https:\/\/profspaulo.com\/wp-content\/uploads\/2012\/08\/MC_ano-internacional-da-astronomia_290x290_-150x150.jpg 150w\" sizes=\"auto, (max-width: 290px) 100vw, 290px\" \/><\/a><\/p>\n","protected":false},"excerpt":{"rendered":"<p>Apoiei os alunos no desenvolvimento de um pequeno projeto com o objetivo de promover a participa\u00e7\u00e3o no concurso Astronomia Art\u00edstica no \u00e2mbito do ano Internacional da Astronomia. Consulte o trabalho desenvolvido pelos alunos. &nbsp;<\/p>\n","protected":false},"author":1,"featured_media":242,"parent":208,"menu_order":0,"comment_status":"closed","ping_status":"closed","template":"","meta":{"footnotes":""},"class_list":["post-241","page","type-page","status-publish","has-post-thumbnail","hentry"],"_links":{"self":[{"href":"https:\/\/profspaulo.com\/index.php?rest_route=\/wp\/v2\/pages\/241","targetHints":{"allow":["GET"]}}],"collection":[{"href":"https:\/\/profspaulo.com\/index.php?rest_route=\/wp\/v2\/pages"}],"about":[{"href":"https:\/\/profspaulo.com\/index.php?rest_route=\/wp\/v2\/types\/page"}],"author":[{"embeddable":true,"href":"https:\/\/profspaulo.com\/index.php?rest_route=\/wp\/v2\/users\/1"}],"replies":[{"embeddable":true,"href":"https:\/\/profspaulo.com\/index.php?rest_route=%2Fwp%2Fv2%2Fcomments&post=241"}],"version-history":[{"count":5,"href":"https:\/\/profspaulo.com\/index.php?rest_route=\/wp\/v2\/pages\/241\/revisions"}],"predecessor-version":[{"id":250,"href":"https:\/\/profspaulo.com\/index.php?rest_route=\/wp\/v2\/pages\/241\/revisions\/250"}],"up":[{"embeddable":true,"href":"https:\/\/profspaulo.com\/index.php?rest_route=\/wp\/v2\/pages\/208"}],"wp:featuredmedia":[{"embeddable":true,"href":"https:\/\/profspaulo.com\/index.php?rest_route=\/wp\/v2\/media\/242"}],"wp:attachment":[{"href":"https:\/\/profspaulo.com\/index.php?rest_route=%2Fwp%2Fv2%2Fmedia&parent=241"}],"curies":[{"name":"wp","href":"https:\/\/api.w.org\/{rel}","templated":true}]}}