{"id":251,"date":"2012-08-03T06:47:08","date_gmt":"2012-08-03T05:47:08","guid":{"rendered":"https:\/\/profspaulo.com\/?page_id=251"},"modified":"2012-08-03T06:48:18","modified_gmt":"2012-08-03T05:48:18","slug":"supertmatik","status":"publish","type":"page","link":"https:\/\/profspaulo.com\/?page_id=251","title":{"rendered":"superTmatik"},"content":{"rendered":"<p>A todos os alunos do s\u00e9timo ano apresentei uma atividade que consistiu na participa\u00e7\u00e3o no I Campeonato superTmatik Quiz Astronomia. Este campeonato foi realizado em parceria com a editora Eudactica.<\/p>\n<p>A atividade desenvolvida teve a participa\u00e7\u00e3o de cerca de quatro alunos por turma, que demonstraram total interesse e entusi\u00e1smo durante os campeonatos realizados.<\/p>\n<p>O aluno Lu\u00eds Miguel Ferreira Silva Moreira da turma B foi o Campe\u00e3o do 7\u00ba ano e o aluno Jo\u00e3o Vitor Barbosa De Almeida da turma D foi o Vice-campe\u00e3o do 7\u00ba ano. Estes alunos participaram na Grande Final Online que decorreu entre 25 de Abril de 2012 e 10 de maio de 2012, onde o aluno Lu\u00eds Moreira ficou em quarto lugar, enquanto que o aluno Jo\u00e3o Almeida ficou em d\u00e9cimo primeiro lugar.<\/p>\n<p><a href=\"https:\/\/profspaulo.com\/?attachment_id=257\" rel=\"attachment wp-att-257\"><img loading=\"lazy\" decoding=\"async\" class=\"aligncenter size-full wp-image-257\" title=\"top10\" src=\"https:\/\/profspaulo.com\/wp-content\/uploads\/2012\/08\/top104.png\" alt=\"\" width=\"300\" height=\"151\" srcset=\"https:\/\/profspaulo.com\/wp-content\/uploads\/2012\/08\/top104.png 300w, https:\/\/profspaulo.com\/wp-content\/uploads\/2012\/08\/top104-200x100.png 200w\" sizes=\"auto, (max-width: 300px) 100vw, 300px\" \/><\/a><\/p>\n","protected":false},"excerpt":{"rendered":"<p>A todos os alunos do s\u00e9timo ano apresentei uma atividade que consistiu na participa\u00e7\u00e3o no I Campeonato superTmatik Quiz Astronomia. Este campeonato foi realizado em parceria com a editora Eudactica. A atividade desenvolvida teve a participa\u00e7\u00e3o de cerca de quatro alunos por turma, que demonstraram total interesse e entusi\u00e1smo durante os campeonatos realizados. O aluno <a class=\"more-link\" href=\"https:\/\/profspaulo.com\/?page_id=251\">Ler mais&#8230;<\/a><\/p>\n","protected":false},"author":1,"featured_media":257,"parent":208,"menu_order":0,"comment_status":"closed","ping_status":"closed","template":"","meta":{"footnotes":""},"class_list":["post-251","page","type-page","status-publish","has-post-thumbnail","hentry"],"_links":{"self":[{"href":"https:\/\/profspaulo.com\/index.php?rest_route=\/wp\/v2\/pages\/251","targetHints":{"allow":["GET"]}}],"collection":[{"href":"https:\/\/profspaulo.com\/index.php?rest_route=\/wp\/v2\/pages"}],"about":[{"href":"https:\/\/profspaulo.com\/index.php?rest_route=\/wp\/v2\/types\/page"}],"author":[{"embeddable":true,"href":"https:\/\/profspaulo.com\/index.php?rest_route=\/wp\/v2\/users\/1"}],"replies":[{"embeddable":true,"href":"https:\/\/profspaulo.com\/index.php?rest_route=%2Fwp%2Fv2%2Fcomments&post=251"}],"version-history":[{"count":3,"href":"https:\/\/profspaulo.com\/index.php?rest_route=\/wp\/v2\/pages\/251\/revisions"}],"predecessor-version":[{"id":259,"href":"https:\/\/profspaulo.com\/index.php?rest_route=\/wp\/v2\/pages\/251\/revisions\/259"}],"up":[{"embeddable":true,"href":"https:\/\/profspaulo.com\/index.php?rest_route=\/wp\/v2\/pages\/208"}],"wp:featuredmedia":[{"embeddable":true,"href":"https:\/\/profspaulo.com\/index.php?rest_route=\/wp\/v2\/media\/257"}],"wp:attachment":[{"href":"https:\/\/profspaulo.com\/index.php?rest_route=%2Fwp%2Fv2%2Fmedia&parent=251"}],"curies":[{"name":"wp","href":"https:\/\/api.w.org\/{rel}","templated":true}]}}