{"id":262,"date":"2012-08-04T07:19:41","date_gmt":"2012-08-04T06:19:41","guid":{"rendered":"https:\/\/profspaulo.com\/?page_id=262"},"modified":"2020-07-28T14:24:22","modified_gmt":"2020-07-28T13:24:22","slug":"exames-nacionais","status":"publish","type":"page","link":"https:\/\/profspaulo.com\/?page_id=262","title":{"rendered":"Exames Nacionais"},"content":{"rendered":"<p>Leciono a disciplina de F\u00edsica e Qu\u00edmica h\u00e1 mais de 17 anos e tamb\u00e9m perten\u00e7o \u00e0 bolsa de professores corretores.<\/p>\n","protected":false},"excerpt":{"rendered":"<p>Leciono a disciplina de F\u00edsica e Qu\u00edmica h\u00e1 mais de 17 anos e tamb\u00e9m perten\u00e7o \u00e0 bolsa de professores corretores.<\/p>\n","protected":false},"author":1,"featured_media":734,"parent":74,"menu_order":0,"comment_status":"closed","ping_status":"closed","template":"","meta":{"footnotes":""},"class_list":["post-262","page","type-page","status-publish","has-post-thumbnail","hentry"],"_links":{"self":[{"href":"https:\/\/profspaulo.com\/index.php?rest_route=\/wp\/v2\/pages\/262","targetHints":{"allow":["GET"]}}],"collection":[{"href":"https:\/\/profspaulo.com\/index.php?rest_route=\/wp\/v2\/pages"}],"about":[{"href":"https:\/\/profspaulo.com\/index.php?rest_route=\/wp\/v2\/types\/page"}],"author":[{"embeddable":true,"href":"https:\/\/profspaulo.com\/index.php?rest_route=\/wp\/v2\/users\/1"}],"replies":[{"embeddable":true,"href":"https:\/\/profspaulo.com\/index.php?rest_route=%2Fwp%2Fv2%2Fcomments&post=262"}],"version-history":[{"count":4,"href":"https:\/\/profspaulo.com\/index.php?rest_route=\/wp\/v2\/pages\/262\/revisions"}],"predecessor-version":[{"id":737,"href":"https:\/\/profspaulo.com\/index.php?rest_route=\/wp\/v2\/pages\/262\/revisions\/737"}],"up":[{"embeddable":true,"href":"https:\/\/profspaulo.com\/index.php?rest_route=\/wp\/v2\/pages\/74"}],"wp:featuredmedia":[{"embeddable":true,"href":"https:\/\/profspaulo.com\/index.php?rest_route=\/wp\/v2\/media\/734"}],"wp:attachment":[{"href":"https:\/\/profspaulo.com\/index.php?rest_route=%2Fwp%2Fv2%2Fmedia&parent=262"}],"curies":[{"name":"wp","href":"https:\/\/api.w.org\/{rel}","templated":true}]}}