{"id":39,"date":"2012-07-05T09:57:49","date_gmt":"2012-07-05T09:57:49","guid":{"rendered":"https:\/\/profspaulo.com\/?page_id=39"},"modified":"2023-08-29T11:28:22","modified_gmt":"2023-08-29T10:28:22","slug":"experiencia-profissional","status":"publish","type":"page","link":"https:\/\/profspaulo.com\/?page_id=39","title":{"rendered":"Experi\u00eancia Profissional"},"content":{"rendered":"<p>Na experi\u00eancia profissional descrevo sucintamente as disciplinas que lecionei e as escolas onde trabalhei.<\/p>\n<p><strong>As disciplinas que tenho lecionado nas escolas e em explica\u00e7\u00f5es passam por:<\/strong><\/p>\n<ul>\n<li>F\u00edsica 12\u00ba;<\/li>\n<li>Qu\u00edmica 12\u00ba;<\/li>\n<li>F\u00edsica e Qu\u00edmica A;<\/li>\n<li>F\u00edsica e Qu\u00edmica a todos os n\u00edveis do B\u00e1sico;<\/li>\n<li>F\u00edsica e Qu\u00edmica (Ensino Profissional);<\/li>\n<li>Cidadania e Desenvolvimento;<\/li>\n<li>F\u00edsica Geral;<\/li>\n<li>Qu\u00edmica Geral;<\/li>\n<li>TIC;<\/li>\n<li>BioF\u00edsica;<\/li>\n<li>BioQu\u00edmica;<\/li>\n<li>Fundamentos de Qu\u00edmica;<\/li>\n<li>Matem\u00e1tica (5\u00ba ao 9\u00ba Ano).<\/li>\n<\/ul>\n<div><strong>Escolas onde lecionei:<\/strong><\/div>\n<ul>\n<li>Escola B\u00e1sica e Secund\u00e1ria de S. Pedro da Cova.<\/li>\n<li>Escola E.B. 2, 3 de Fraz\u00e3o.<\/li>\n<li>Escola Secund\u00e1ria Francisco Holanda.<\/li>\n<li>Escola Secund\u00e1ria com 3\u00baC.E.B. DR MANUEL FERNANDES.<\/li>\n<li>E.B.I. Vila Cova<\/li>\n<li>Sezim Col\u00e9gio de Guimar\u00e3es<\/li>\n<li>E.B. 2,3 de Nevogilde<\/li>\n<li>E.B. 2,3 + S de Rebordosa<\/li>\n<li>Escola Secund\u00e1ria Dr. Fl\u00e1vio Pinto Resende<\/li>\n<li>Agrupamento de Escolas de Souselo<\/li>\n<li>Agrupamento de Escolas de Cristelo<\/li>\n<li>Agrupamento de Escolas de Campo, Escola B\u00e1sica e Secund\u00e1ria de Campo<\/li>\n<li>Col\u00e9gio &#8211; Sezim Egas Moniz<\/li>\n<li>Col\u00e9gio de Lourdes<\/li>\n<li>Col\u00e9gio Novo da Maia<\/li>\n<li>Agrupamento de Escolas do Cast\u00ealo da Maia<\/li>\n<\/ul>\n\n\n<h2 class=\"wp-block-heading\">Curriculum Vitae<\/h2>\n\n\n\n<iframe loading=\"lazy\" src=\"https:\/\/player.flipsnack.com?hash=OERGQURDQUE5RjcrdDlhNnBtdW83aw==\" width=\"100%\" height=\"481\" seamless=\"seamless\" scrolling=\"no\" frameBorder=\"0\" allowFullScreen allow=\"autoplay; clipboard-read; clipboard-write\"><\/iframe>\n","protected":false},"excerpt":{"rendered":"<p>Na experi\u00eancia profissional descrevo sucintamente as disciplinas que lecionei e as escolas onde trabalhei. As disciplinas que tenho lecionado nas escolas e em explica\u00e7\u00f5es passam por: F\u00edsica 12\u00ba; Qu\u00edmica 12\u00ba; F\u00edsica e Qu\u00edmica A; F\u00edsica e Qu\u00edmica a todos os n\u00edveis do B\u00e1sico; F\u00edsica e Qu\u00edmica (Ensino Profissional); Cidadania e Desenvolvimento; F\u00edsica Geral; Qu\u00edmica Geral; <a class=\"more-link\" href=\"https:\/\/profspaulo.com\/?page_id=39\">Ler mais&#8230;<\/a><\/p>\n","protected":false},"author":1,"featured_media":724,"parent":74,"menu_order":0,"comment_status":"closed","ping_status":"closed","template":"","meta":{"footnotes":""},"class_list":["post-39","page","type-page","status-publish","has-post-thumbnail","hentry"],"_links":{"self":[{"href":"https:\/\/profspaulo.com\/index.php?rest_route=\/wp\/v2\/pages\/39","targetHints":{"allow":["GET"]}}],"collection":[{"href":"https:\/\/profspaulo.com\/index.php?rest_route=\/wp\/v2\/pages"}],"about":[{"href":"https:\/\/profspaulo.com\/index.php?rest_route=\/wp\/v2\/types\/page"}],"author":[{"embeddable":true,"href":"https:\/\/profspaulo.com\/index.php?rest_route=\/wp\/v2\/users\/1"}],"replies":[{"embeddable":true,"href":"https:\/\/profspaulo.com\/index.php?rest_route=%2Fwp%2Fv2%2Fcomments&post=39"}],"version-history":[{"count":19,"href":"https:\/\/profspaulo.com\/index.php?rest_route=\/wp\/v2\/pages\/39\/revisions"}],"predecessor-version":[{"id":809,"href":"https:\/\/profspaulo.com\/index.php?rest_route=\/wp\/v2\/pages\/39\/revisions\/809"}],"up":[{"embeddable":true,"href":"https:\/\/profspaulo.com\/index.php?rest_route=\/wp\/v2\/pages\/74"}],"wp:featuredmedia":[{"embeddable":true,"href":"https:\/\/profspaulo.com\/index.php?rest_route=\/wp\/v2\/media\/724"}],"wp:attachment":[{"href":"https:\/\/profspaulo.com\/index.php?rest_route=%2Fwp%2Fv2%2Fmedia&parent=39"}],"curies":[{"name":"wp","href":"https:\/\/api.w.org\/{rel}","templated":true}]}}