{"id":74,"date":"2012-07-05T14:28:08","date_gmt":"2012-07-05T14:28:08","guid":{"rendered":"https:\/\/profspaulo.com\/?page_id=74"},"modified":"2023-07-04T19:52:16","modified_gmt":"2023-07-04T18:52:16","slug":"apresentacaos","status":"publish","type":"page","link":"https:\/\/profspaulo.com\/?page_id=74","title":{"rendered":"Apresenta\u00e7\u00e3o"},"content":{"rendered":"<p><a href=\"https:\/\/profspaulo.com\/?attachment_id=10\" rel=\"attachment wp-att-10\"><img loading=\"lazy\" decoding=\"async\" class=\"aligncenter size-medium wp-image-10\" src=\"https:\/\/profspaulo.com\/wp-content\/uploads\/2012\/07\/levitacao-300x204.jpg\" alt=\"levitacao\" width=\"300\" height=\"204\" srcset=\"https:\/\/profspaulo.com\/wp-content\/uploads\/2012\/07\/levitacao-300x204.jpg 300w, https:\/\/profspaulo.com\/wp-content\/uploads\/2012\/07\/levitacao.jpg 525w\" sizes=\"auto, (max-width: 300px) 100vw, 300px\" \/><\/a><\/p>\n<p style=\"text-align: justify;\">Sempre fui curioso e para dar resposta a muita das quest\u00f5es que sempre levantei, nada melhor que estudar F\u00edsica (Ci\u00eancia que explica todos os fen\u00f3menos, ou seja, o porqu\u00ea de tudo o que nos rodeia) e a Qu\u00edmica (Ci\u00eancia que estuda a constitui\u00e7\u00e3o material de todo o Universo, ou seja, como \u00e9 constitu\u00eddo o mundo material que nos rodeia ) aliando a tudo isto a investiga\u00e7\u00e3o e mais algumas ci\u00eancias temos a maioria das respostas para tudo o que nos rodeia. N\u00e3o esquecendo que a Matem\u00e1tica e a Inform\u00e1tica \u00e9 uma &#8220;ferramenta&#8221; fundamental.<\/p>\n<p style=\"text-align: justify;\">Sou professor de F\u00edsica e Qu\u00edmica, Matem\u00e1tica e Inform\u00e1tica.<\/p>\n<p>J\u00e1 leccionei varias disciplinas, F\u00edsica 12\u00ba, Qu\u00edmica 12\u00ba, F\u00edsica e Qu\u00edmica A, F\u00edsica e Qu\u00edmica a todos os niveis do B\u00e1sico, F\u00edsica Geral, Qu\u00edmica Geral, TIC, BioF\u00edsica e BioQu\u00edmica, Matem\u00e1tica (5\u00ba ao 9\u00ba)entre outros&#8230;.<\/p>\n<p>Dei forma\u00e7\u00e3o na Plataforma Moodle, QuizFaber, Webquest e de TIC-N\u00edvel 1 a professores.<\/p>\n\n\n<h2 class=\"wp-block-heading\">Curriculum Vitae<\/h2>\n\n\n\n<iframe loading=\"lazy\" src=\"https:\/\/player.flipsnack.com?hash=OERGQURDQUE5RjcrdDlhNnBtdW83aw==\" width=\"100%\" height=\"480\" seamless=\"seamless\" scrolling=\"no\" frameBorder=\"0\" allowFullScreen allow=\"autoplay; clipboard-read; clipboard-write\"><\/iframe>\n","protected":false},"excerpt":{"rendered":"<p>Sempre fui curioso e para dar resposta a muita das quest\u00f5es que sempre levantei, nada melhor que estudar F\u00edsica (Ci\u00eancia que explica todos os fen\u00f3menos, ou seja, o porqu\u00ea de tudo o que nos rodeia) e a Qu\u00edmica (Ci\u00eancia que estuda a constitui\u00e7\u00e3o material de todo o Universo, ou seja, como \u00e9 constitu\u00eddo o mundo <a class=\"more-link\" href=\"https:\/\/profspaulo.com\/?page_id=74\">Ler mais&#8230;<\/a><\/p>\n","protected":false},"author":1,"featured_media":0,"parent":0,"menu_order":0,"comment_status":"closed","ping_status":"open","template":"","meta":{"footnotes":""},"class_list":["post-74","page","type-page","status-publish","hentry"],"_links":{"self":[{"href":"https:\/\/profspaulo.com\/index.php?rest_route=\/wp\/v2\/pages\/74","targetHints":{"allow":["GET"]}}],"collection":[{"href":"https:\/\/profspaulo.com\/index.php?rest_route=\/wp\/v2\/pages"}],"about":[{"href":"https:\/\/profspaulo.com\/index.php?rest_route=\/wp\/v2\/types\/page"}],"author":[{"embeddable":true,"href":"https:\/\/profspaulo.com\/index.php?rest_route=\/wp\/v2\/users\/1"}],"replies":[{"embeddable":true,"href":"https:\/\/profspaulo.com\/index.php?rest_route=%2Fwp%2Fv2%2Fcomments&post=74"}],"version-history":[{"count":23,"href":"https:\/\/profspaulo.com\/index.php?rest_route=\/wp\/v2\/pages\/74\/revisions"}],"predecessor-version":[{"id":802,"href":"https:\/\/profspaulo.com\/index.php?rest_route=\/wp\/v2\/pages\/74\/revisions\/802"}],"wp:attachment":[{"href":"https:\/\/profspaulo.com\/index.php?rest_route=%2Fwp%2Fv2%2Fmedia&parent=74"}],"curies":[{"name":"wp","href":"https:\/\/api.w.org\/{rel}","templated":true}]}}