{"id":79,"date":"2012-07-05T14:44:51","date_gmt":"2012-07-05T14:44:51","guid":{"rendered":"https:\/\/profspaulo.com\/?page_id=79"},"modified":"2020-07-28T11:11:56","modified_gmt":"2020-07-28T10:11:56","slug":"fisica-e-quimicas","status":"publish","type":"page","link":"https:\/\/profspaulo.com\/?page_id=79","title":{"rendered":"Plataforma Moodle"},"content":{"rendered":"<p>Moodle, \u00e9 uma plataforma onde pode encontrar um conjunto de fichas e testes divididos por temas, bem como diversos links de interesse e anima\u00e7\u00f5es.<\/p>\n<h4>Para aceder \u00e0 plataforma deve carregar no bot\u00e3o seguinte e posteriormente pedir a senha de acesso.<\/h4>\n<div style=\"width: 310px\" class=\"wp-caption aligncenter\"><a title=\"Moodle\" href=\"https:\/\/profspaulo.com\/moodle38\/\" target=\"_blank\" rel=\"noopener noreferrer\"><img loading=\"lazy\" decoding=\"async\" title=\"moodle-logo\" src=\"https:\/\/profspaulo.com\/wp-content\/uploads\/2012\/07\/moodle-logo-300x234.jpg\" alt=\"\" width=\"300\" height=\"234\" \/><\/a><p class=\"wp-caption-text\">Plataforma de Aprendizagem<\/p><\/div>\n","protected":false},"excerpt":{"rendered":"<p>Moodle, \u00e9 uma plataforma onde pode encontrar um conjunto de fichas e testes divididos por temas, bem como diversos links de interesse e anima\u00e7\u00f5es. Para aceder \u00e0 plataforma deve carregar no bot\u00e3o seguinte e posteriormente pedir a senha de acesso.<\/p>\n","protected":false},"author":1,"featured_media":21,"parent":208,"menu_order":0,"comment_status":"closed","ping_status":"open","template":"","meta":{"footnotes":""},"class_list":["post-79","page","type-page","status-publish","has-post-thumbnail","hentry"],"_links":{"self":[{"href":"https:\/\/profspaulo.com\/index.php?rest_route=\/wp\/v2\/pages\/79","targetHints":{"allow":["GET"]}}],"collection":[{"href":"https:\/\/profspaulo.com\/index.php?rest_route=\/wp\/v2\/pages"}],"about":[{"href":"https:\/\/profspaulo.com\/index.php?rest_route=\/wp\/v2\/types\/page"}],"author":[{"embeddable":true,"href":"https:\/\/profspaulo.com\/index.php?rest_route=\/wp\/v2\/users\/1"}],"replies":[{"embeddable":true,"href":"https:\/\/profspaulo.com\/index.php?rest_route=%2Fwp%2Fv2%2Fcomments&post=79"}],"version-history":[{"count":7,"href":"https:\/\/profspaulo.com\/index.php?rest_route=\/wp\/v2\/pages\/79\/revisions"}],"predecessor-version":[{"id":723,"href":"https:\/\/profspaulo.com\/index.php?rest_route=\/wp\/v2\/pages\/79\/revisions\/723"}],"up":[{"embeddable":true,"href":"https:\/\/profspaulo.com\/index.php?rest_route=\/wp\/v2\/pages\/208"}],"wp:featuredmedia":[{"embeddable":true,"href":"https:\/\/profspaulo.com\/index.php?rest_route=\/wp\/v2\/media\/21"}],"wp:attachment":[{"href":"https:\/\/profspaulo.com\/index.php?rest_route=%2Fwp%2Fv2%2Fmedia&parent=79"}],"curies":[{"name":"wp","href":"https:\/\/api.w.org\/{rel}","templated":true}]}}