{"id":804,"date":"2023-08-29T11:20:34","date_gmt":"2023-08-29T10:20:34","guid":{"rendered":"https:\/\/profspaulo.com\/?page_id=804"},"modified":"2023-08-29T11:20:35","modified_gmt":"2023-08-29T10:20:35","slug":"medea","status":"publish","type":"page","link":"https:\/\/profspaulo.com\/?page_id=804","title":{"rendered":"MEDEA"},"content":{"rendered":"\n<p>O projecto Medea consiste na de MEDi\u00e7\u00e3o dos campos Electromagn\u00e9ticos no Ambiente, numa parceria entre a SPF e REN, Redes Energ\u00e9ticas Nacionais, realizado por alunos de v\u00e1rias escolas secund\u00e1rias, profissionais e de ensino superior do Pa\u00eds e que visa medir o campo el\u00e9ctrico e magn\u00e9tico no meio ambiente.<\/p>\n\n\n\n<p>Orientei um grupo de alunos que participou no Projeto Nacional MEDEA e conseguiram passar \u00e0 segunda fase do projeto. Todo o trabalho desenvolvido pode ser consultado em <a href=\"https:\/\/profspaulo.com\/medea\/\">ZAP \u2013 Projeto Medea<\/a>.<\/p>\n","protected":false},"excerpt":{"rendered":"<p>O projecto Medea consiste na de MEDi\u00e7\u00e3o dos campos Electromagn\u00e9ticos no Ambiente, numa parceria entre a SPF e REN, Redes Energ\u00e9ticas Nacionais, realizado por alunos de v\u00e1rias escolas secund\u00e1rias, profissionais e de ensino superior do Pa\u00eds e que visa medir o campo el\u00e9ctrico e magn\u00e9tico no meio ambiente. Orientei um grupo de alunos que participou <a class=\"more-link\" href=\"https:\/\/profspaulo.com\/?page_id=804\">Ler mais&#8230;<\/a><\/p>\n","protected":false},"author":1,"featured_media":806,"parent":208,"menu_order":0,"comment_status":"closed","ping_status":"closed","template":"","meta":{"footnotes":""},"class_list":["post-804","page","type-page","status-publish","has-post-thumbnail","hentry"],"_links":{"self":[{"href":"https:\/\/profspaulo.com\/index.php?rest_route=\/wp\/v2\/pages\/804","targetHints":{"allow":["GET"]}}],"collection":[{"href":"https:\/\/profspaulo.com\/index.php?rest_route=\/wp\/v2\/pages"}],"about":[{"href":"https:\/\/profspaulo.com\/index.php?rest_route=\/wp\/v2\/types\/page"}],"author":[{"embeddable":true,"href":"https:\/\/profspaulo.com\/index.php?rest_route=\/wp\/v2\/users\/1"}],"replies":[{"embeddable":true,"href":"https:\/\/profspaulo.com\/index.php?rest_route=%2Fwp%2Fv2%2Fcomments&post=804"}],"version-history":[{"count":1,"href":"https:\/\/profspaulo.com\/index.php?rest_route=\/wp\/v2\/pages\/804\/revisions"}],"predecessor-version":[{"id":807,"href":"https:\/\/profspaulo.com\/index.php?rest_route=\/wp\/v2\/pages\/804\/revisions\/807"}],"up":[{"embeddable":true,"href":"https:\/\/profspaulo.com\/index.php?rest_route=\/wp\/v2\/pages\/208"}],"wp:featuredmedia":[{"embeddable":true,"href":"https:\/\/profspaulo.com\/index.php?rest_route=\/wp\/v2\/media\/806"}],"wp:attachment":[{"href":"https:\/\/profspaulo.com\/index.php?rest_route=%2Fwp%2Fv2%2Fmedia&parent=804"}],"curies":[{"name":"wp","href":"https:\/\/api.w.org\/{rel}","templated":true}]}}