{"id":96,"date":"2012-07-05T15:25:41","date_gmt":"2012-07-05T15:25:41","guid":{"rendered":"https:\/\/profspaulo.com\/?page_id=96"},"modified":"2012-07-20T17:36:27","modified_gmt":"2012-07-20T17:36:27","slug":"informatica-2","status":"publish","type":"page","link":"https:\/\/profspaulo.com\/?page_id=96","title":{"rendered":"Inform\u00e1tica"},"content":{"rendered":"<h2>Secund\u00e1rio<\/h2>\n<h4><strong>Externato Nossa Senhora do Perp\u00e9tuo Socorro<\/strong><\/h4>\n<h4><em>Conclui em 1996 o curso tecnol\u00f3gico de Inform\u00e1tica<\/em>.<\/h4>\n<p>&nbsp;<\/p>\n<h2>P\u00f3s-Gradua\u00e7\u00e3o em Criatividade e Inova\u00e7\u00e3o \u2013 As Tecnologias Da Informa\u00e7\u00e3o e Comunica\u00e7\u00e3o.<\/h2>\n<p><em><strong>Conclui em 2006 a P\u00f3s-Gradua\u00e7\u00e3o no Instituto Superior de Ci\u00eancias Educativas de Felgueiras.<\/strong><\/em><\/p>\n<p><strong>P\u00f3s-Gradua\u00e7\u00e3o que respeita o disposto na al\u00ednea b) , do n.\u00ba2 do Despacho n.\u00ba 14\u00a0 637\/2005 (2\u00aa s\u00e9rie) de 4 de Julho. Consta na \u00a0\u00a0\u00a0\u00a0\u00a0\u00a0Circular n.\u00ba 10\/2005.<\/strong><\/p>\n<p>&nbsp;<\/p>\n<h2>O Concelho Cient\u00edfico &#8211; Pedag\u00f3gico de Forma\u00e7\u00e3o Cont\u00ednua atribuiu-me, em 2011, certifica\u00e7\u00e3o de formador nas \u00e1reas e dom\u00ednios:<\/h2>\n<h4>\u00b7\u00a0\u00a0\u00a0\u00a0\u00a0\u00a0\u00a0\u00a0 C15 Tecnologias Educativas (Inform\u00e1tica \/ Aplica\u00e7\u00e3o da Inform\u00e1tica);<\/h4>\n<h4>\u00b7\u00a0\u00a0\u00a0\u00a0\u00a0\u00a0\u00a0\u00a0 C16 Tecnologias Educativas (Meios Audiovisuais) ;<\/h4>\n<h4>\u00b7\u00a0\u00a0\u00a0\u00a0\u00a0\u00a0\u00a0\u00a0 C17 Tecnologias Educativas (Plataforma de Aprendizagens, Moodle)<\/h4>\n<h4><\/h4>\n<h2>Coordenador de TIC<\/h2>\n<ul>\n<li>Desempenhei as fun\u00e7\u00f5es de Coordenador de TIC em Sezim Col\u00e9gio de Guimar\u00e3es:<\/li>\n<li>Montagem de uma sala com computadores em rede.<\/li>\n<li>Contrato com a Microsoft sobre o software utilizado.<\/li>\n<li>Or\u00e7amento para a montagem de uma sala virtual.<\/li>\n<li>Montagem de uma rede wireless.<\/li>\n<li>Entrei em contacto com diversos representantes de quadros interactivos e promovi apresenta\u00e7\u00f5es do SmartBoard e Magic Board e forma\u00e7\u00f5es relativas aos quadros existentes no mercado.<\/li>\n<li>Explorei o Quadro interactivo da Clasus e dei forma\u00e7\u00e3o aos professores sobre a utiliza\u00e7\u00e3o do quadro e o programa A-migo.<\/li>\n<li>Incentivei a utiliza\u00e7\u00e3o das TIC no desenvolvimento dos projectos \u00e0 disciplina de \u00c1rea Projecto no 12\u00baAno.<\/li>\n<li>Desenvolvi cartazes, convites, calend\u00e1rios e outros recursos relacionados com administra\u00e7\u00e3o.<\/li>\n<li>Instalei e configurei o programa Alunos no Col\u00e9gio (<a href=\"http:\/\/www.jpmabreu.com\/\">http:\/\/www.jpmabreu.com\/<\/a>).<\/li>\n<li>\u00a0Realiza\u00e7\u00e3o dos Hor\u00e1rios escolares.<\/li>\n<\/ul>\n","protected":false},"excerpt":{"rendered":"<p>Secund\u00e1rio Externato Nossa Senhora do Perp\u00e9tuo Socorro Conclui em 1996 o curso tecnol\u00f3gico de Inform\u00e1tica. &nbsp; P\u00f3s-Gradua\u00e7\u00e3o em Criatividade e Inova\u00e7\u00e3o \u2013 As Tecnologias Da Informa\u00e7\u00e3o e Comunica\u00e7\u00e3o. Conclui em 2006 a P\u00f3s-Gradua\u00e7\u00e3o no Instituto Superior de Ci\u00eancias Educativas de Felgueiras. P\u00f3s-Gradua\u00e7\u00e3o que respeita o disposto na al\u00ednea b) , do n.\u00ba2 do Despacho n.\u00ba <a class=\"more-link\" href=\"https:\/\/profspaulo.com\/?page_id=96\">Ler mais&#8230;<\/a><\/p>\n","protected":false},"author":1,"featured_media":16,"parent":0,"menu_order":0,"comment_status":"closed","ping_status":"closed","template":"","meta":{"footnotes":""},"class_list":["post-96","page","type-page","status-publish","has-post-thumbnail","hentry"],"_links":{"self":[{"href":"https:\/\/profspaulo.com\/index.php?rest_route=\/wp\/v2\/pages\/96","targetHints":{"allow":["GET"]}}],"collection":[{"href":"https:\/\/profspaulo.com\/index.php?rest_route=\/wp\/v2\/pages"}],"about":[{"href":"https:\/\/profspaulo.com\/index.php?rest_route=\/wp\/v2\/types\/page"}],"author":[{"embeddable":true,"href":"https:\/\/profspaulo.com\/index.php?rest_route=\/wp\/v2\/users\/1"}],"replies":[{"embeddable":true,"href":"https:\/\/profspaulo.com\/index.php?rest_route=%2Fwp%2Fv2%2Fcomments&post=96"}],"version-history":[{"count":3,"href":"https:\/\/profspaulo.com\/index.php?rest_route=\/wp\/v2\/pages\/96\/revisions"}],"predecessor-version":[{"id":151,"href":"https:\/\/profspaulo.com\/index.php?rest_route=\/wp\/v2\/pages\/96\/revisions\/151"}],"wp:featuredmedia":[{"embeddable":true,"href":"https:\/\/profspaulo.com\/index.php?rest_route=\/wp\/v2\/media\/16"}],"wp:attachment":[{"href":"https:\/\/profspaulo.com\/index.php?rest_route=%2Fwp%2Fv2%2Fmedia&parent=96"}],"curies":[{"name":"wp","href":"https:\/\/api.w.org\/{rel}","templated":true}]}}